{"id":271,"date":"2018-05-17T00:05:00","date_gmt":"2018-05-17T00:05:00","guid":{"rendered":"https:\/\/www.kotas.com.br\/blog\/?page_id=271"},"modified":"2023-10-25T13:40:31","modified_gmt":"2023-10-25T16:40:31","slug":"taxas","status":"publish","type":"page","link":"https:\/\/www.kotas.com.br\/blog\/taxas\/","title":{"rendered":"Taxas por participa\u00e7\u00e3o em grupos"},"content":{"rendered":"<p><span style=\"font-weight: 400;\">Para manter o Kotas funcionando e cobrir os custos de opera\u00e7\u00e3o, algumas taxas s\u00e3o aplicadas ao valor da mensalidade do grupo:<\/span><\/p>\n<p><b>Taxa administrativa do Kotas: R$ 3,50<\/b><\/p>\n<p><span style=\"font-weight: 400;\">Demais taxas de servi\u00e7os como a do processador de pagamentos varia conforme escolha do usu\u00e1rio.<\/span><\/p>\n<p><span style=\"font-weight: 400;\">Multa por pagamento de fatura em atraso: R$2,00.<\/span><\/p>\n<p><span style=\"font-weight: 400;\">Veja mais detalhes sobre pre\u00e7os e exemplos de pagamentos na nossa central de ajuda:<\/span><a href=\"https:\/\/kotas.movidesk.com\/kb\/article\/253763\/taxas\"> <span style=\"font-weight: 400;\">https:\/\/kotas.movidesk.com\/kb\/article\/253763\/taxas<\/span><\/a><\/p>\n","protected":false},"excerpt":{"rendered":"<p>Para manter o Kotas funcionando e cobrir os custos de opera\u00e7\u00e3o, algumas taxas s\u00e3o aplicadas ao valor da mensalidade do grupo: Taxa administrativa do Kotas: R$ 3,50 Demais taxas de servi\u00e7os como a do processador de pagamentos varia conforme escolha do usu\u00e1rio. Multa por pagamento de fatura em atraso: R$2,00. Veja mais detalhes sobre pre\u00e7os e exemplos de pagamentos na nossa &hellip; <\/p>\n","protected":false},"author":1,"featured_media":0,"parent":0,"menu_order":0,"comment_status":"closed","ping_status":"closed","template":"","meta":{"footnotes":""},"class_list":["post-271","page","type-page","status-publish","hentry"],"yoast_head":"<!-- This site is optimized with the Yoast SEO plugin v24.4 - https:\/\/yoast.com\/wordpress\/plugins\/seo\/ -->\n<title>Taxas por participa\u00e7\u00e3o em grupos - Blog do Kotas<\/title>\n<meta name=\"robots\" content=\"index, follow, max-snippet:-1, max-image-preview:large, max-video-preview:-1\" \/>\n<link rel=\"canonical\" href=\"https:\/\/www.kotas.com.br\/blog\/taxas\/\" \/>\n<meta property=\"og:locale\" content=\"pt_BR\" \/>\n<meta property=\"og:type\" content=\"article\" \/>\n<meta property=\"og:title\" content=\"Taxas por participa\u00e7\u00e3o em grupos - Blog do Kotas\" \/>\n<meta property=\"og:description\" content=\"Para manter o Kotas funcionando e cobrir os custos de opera\u00e7\u00e3o, algumas taxas s\u00e3o aplicadas ao valor da mensalidade do grupo: Taxa administrativa do Kotas: R$ 3,50 Demais taxas de servi\u00e7os como a do processador de pagamentos varia conforme escolha do usu\u00e1rio. Multa por pagamento de fatura em atraso: R$2,00. Veja mais detalhes sobre pre\u00e7os e exemplos de pagamentos na nossa &hellip;\" \/>\n<meta property=\"og:url\" content=\"https:\/\/www.kotas.com.br\/blog\/taxas\/\" \/>\n<meta property=\"og:site_name\" content=\"Blog do Kotas\" \/>\n<meta property=\"article:modified_time\" content=\"2023-10-25T16:40:31+00:00\" \/>\n<meta name=\"twitter:card\" content=\"summary_large_image\" \/>\n<meta name=\"twitter:label1\" content=\"Est. tempo de leitura\" \/>\n\t<meta name=\"twitter:data1\" content=\"2 minutos\" \/>\n<script type=\"application\/ld+json\" class=\"yoast-schema-graph\">{\"@context\":\"https:\/\/schema.org\",\"@graph\":[{\"@type\":\"WebPage\",\"@id\":\"https:\/\/www.kotas.com.br\/blog\/taxas\/\",\"url\":\"https:\/\/www.kotas.com.br\/blog\/taxas\/\",\"name\":\"Taxas por participa\u00e7\u00e3o em grupos - Blog do Kotas\",\"isPartOf\":{\"@id\":\"https:\/\/www.kotas.com.br\/blog\/#website\"},\"datePublished\":\"2018-05-17T00:05:00+00:00\",\"dateModified\":\"2023-10-25T16:40:31+00:00\",\"breadcrumb\":{\"@id\":\"https:\/\/www.kotas.com.br\/blog\/taxas\/#breadcrumb\"},\"inLanguage\":\"pt-BR\",\"potentialAction\":[{\"@type\":\"ReadAction\",\"target\":[\"https:\/\/www.kotas.com.br\/blog\/taxas\/\"]}]},{\"@type\":\"BreadcrumbList\",\"@id\":\"https:\/\/www.kotas.com.br\/blog\/taxas\/#breadcrumb\",\"itemListElement\":[{\"@type\":\"ListItem\",\"position\":1,\"name\":\"Voc\u00ea est\u00e1 aqui:\",\"item\":\"https:\/\/www.kotas.com.br\/blog\/\"},{\"@type\":\"ListItem\",\"position\":2,\"name\":\"Taxas por participa\u00e7\u00e3o em grupos\"}]},{\"@type\":\"WebSite\",\"@id\":\"https:\/\/www.kotas.com.br\/blog\/#website\",\"url\":\"https:\/\/www.kotas.com.br\/blog\/\",\"name\":\"Blog do Kotas\",\"description\":\"Dicas e conte\u00fado relevante para economizar coletivamente\",\"publisher\":{\"@id\":\"https:\/\/www.kotas.com.br\/blog\/#organization\"},\"potentialAction\":[{\"@type\":\"SearchAction\",\"target\":{\"@type\":\"EntryPoint\",\"urlTemplate\":\"https:\/\/www.kotas.com.br\/blog\/?s={search_term_string}\"},\"query-input\":{\"@type\":\"PropertyValueSpecification\",\"valueRequired\":true,\"valueName\":\"search_term_string\"}}],\"inLanguage\":\"pt-BR\"},{\"@type\":\"Organization\",\"@id\":\"https:\/\/www.kotas.com.br\/blog\/#organization\",\"name\":\"Kotas\",\"url\":\"https:\/\/www.kotas.com.br\/blog\/\",\"logo\":{\"@type\":\"ImageObject\",\"inLanguage\":\"pt-BR\",\"@id\":\"https:\/\/www.kotas.com.br\/blog\/#\/schema\/logo\/image\/\",\"url\":\"https:\/\/www.kotas.com.br\/blog\/wp-content\/uploads\/2020\/10\/marca-kotas-png9.png\",\"contentUrl\":\"https:\/\/www.kotas.com.br\/blog\/wp-content\/uploads\/2020\/10\/marca-kotas-png9.png\",\"width\":2000,\"height\":1600,\"caption\":\"Kotas\"},\"image\":{\"@id\":\"https:\/\/www.kotas.com.br\/blog\/#\/schema\/logo\/image\/\"}}]}<\/script>\n<!-- \/ Yoast SEO plugin. -->","yoast_head_json":{"title":"Taxas por participa\u00e7\u00e3o em grupos - Blog do Kotas","robots":{"index":"index","follow":"follow","max-snippet":"max-snippet:-1","max-image-preview":"max-image-preview:large","max-video-preview":"max-video-preview:-1"},"canonical":"https:\/\/www.kotas.com.br\/blog\/taxas\/","og_locale":"pt_BR","og_type":"article","og_title":"Taxas por participa\u00e7\u00e3o em grupos - Blog do Kotas","og_description":"Para manter o Kotas funcionando e cobrir os custos de opera\u00e7\u00e3o, algumas taxas s\u00e3o aplicadas ao valor da mensalidade do grupo: Taxa administrativa do Kotas: R$ 3,50 Demais taxas de servi\u00e7os como a do processador de pagamentos varia conforme escolha do usu\u00e1rio. Multa por pagamento de fatura em atraso: R$2,00. Veja mais detalhes sobre pre\u00e7os e exemplos de pagamentos na nossa &hellip;","og_url":"https:\/\/www.kotas.com.br\/blog\/taxas\/","og_site_name":"Blog do Kotas","article_modified_time":"2023-10-25T16:40:31+00:00","twitter_card":"summary_large_image","twitter_misc":{"Est. tempo de leitura":"2 minutos"},"schema":{"@context":"https:\/\/schema.org","@graph":[{"@type":"WebPage","@id":"https:\/\/www.kotas.com.br\/blog\/taxas\/","url":"https:\/\/www.kotas.com.br\/blog\/taxas\/","name":"Taxas por participa\u00e7\u00e3o em grupos - Blog do Kotas","isPartOf":{"@id":"https:\/\/www.kotas.com.br\/blog\/#website"},"datePublished":"2018-05-17T00:05:00+00:00","dateModified":"2023-10-25T16:40:31+00:00","breadcrumb":{"@id":"https:\/\/www.kotas.com.br\/blog\/taxas\/#breadcrumb"},"inLanguage":"pt-BR","potentialAction":[{"@type":"ReadAction","target":["https:\/\/www.kotas.com.br\/blog\/taxas\/"]}]},{"@type":"BreadcrumbList","@id":"https:\/\/www.kotas.com.br\/blog\/taxas\/#breadcrumb","itemListElement":[{"@type":"ListItem","position":1,"name":"Voc\u00ea est\u00e1 aqui:","item":"https:\/\/www.kotas.com.br\/blog\/"},{"@type":"ListItem","position":2,"name":"Taxas por participa\u00e7\u00e3o em grupos"}]},{"@type":"WebSite","@id":"https:\/\/www.kotas.com.br\/blog\/#website","url":"https:\/\/www.kotas.com.br\/blog\/","name":"Blog do Kotas","description":"Dicas e conte\u00fado relevante para economizar coletivamente","publisher":{"@id":"https:\/\/www.kotas.com.br\/blog\/#organization"},"potentialAction":[{"@type":"SearchAction","target":{"@type":"EntryPoint","urlTemplate":"https:\/\/www.kotas.com.br\/blog\/?s={search_term_string}"},"query-input":{"@type":"PropertyValueSpecification","valueRequired":true,"valueName":"search_term_string"}}],"inLanguage":"pt-BR"},{"@type":"Organization","@id":"https:\/\/www.kotas.com.br\/blog\/#organization","name":"Kotas","url":"https:\/\/www.kotas.com.br\/blog\/","logo":{"@type":"ImageObject","inLanguage":"pt-BR","@id":"https:\/\/www.kotas.com.br\/blog\/#\/schema\/logo\/image\/","url":"https:\/\/www.kotas.com.br\/blog\/wp-content\/uploads\/2020\/10\/marca-kotas-png9.png","contentUrl":"https:\/\/www.kotas.com.br\/blog\/wp-content\/uploads\/2020\/10\/marca-kotas-png9.png","width":2000,"height":1600,"caption":"Kotas"},"image":{"@id":"https:\/\/www.kotas.com.br\/blog\/#\/schema\/logo\/image\/"}}]}},"_links":{"self":[{"href":"https:\/\/www.kotas.com.br\/blog\/wp-json\/wp\/v2\/pages\/271","targetHints":{"allow":["GET"]}}],"collection":[{"href":"https:\/\/www.kotas.com.br\/blog\/wp-json\/wp\/v2\/pages"}],"about":[{"href":"https:\/\/www.kotas.com.br\/blog\/wp-json\/wp\/v2\/types\/page"}],"author":[{"embeddable":true,"href":"https:\/\/www.kotas.com.br\/blog\/wp-json\/wp\/v2\/users\/1"}],"replies":[{"embeddable":true,"href":"https:\/\/www.kotas.com.br\/blog\/wp-json\/wp\/v2\/comments?post=271"}],"version-history":[{"count":15,"href":"https:\/\/www.kotas.com.br\/blog\/wp-json\/wp\/v2\/pages\/271\/revisions"}],"predecessor-version":[{"id":5357,"href":"https:\/\/www.kotas.com.br\/blog\/wp-json\/wp\/v2\/pages\/271\/revisions\/5357"}],"wp:attachment":[{"href":"https:\/\/www.kotas.com.br\/blog\/wp-json\/wp\/v2\/media?parent=271"}],"curies":[{"name":"wp","href":"https:\/\/api.w.org\/{rel}","templated":true}]}}